{"id":2,"date":"2022-01-07T19:04:21","date_gmt":"2022-01-07T19:04:21","guid":{"rendered":"http:\/\/161.35.133.48\/?page_id=2"},"modified":"2026-01-02T16:03:55","modified_gmt":"2026-01-02T22:03:55","slug":"about-me","status":"publish","type":"page","link":"https:\/\/knotty.flowers\/es\/about-me\/","title":{"rendered":"Sobre Mi"},"content":{"rendered":"<div class=\"wp-block-media-text alignwide is-stacked-on-mobile is-vertically-aligned-top\"><figure class=\"wp-block-media-text__media\"><img loading=\"lazy\" decoding=\"async\" width=\"683\" height=\"1024\" src=\"https:\/\/knotty.flowers\/wp-content\/uploads\/2023\/03\/DMC01147-683x1024.png\" alt=\"\" class=\"wp-image-4545 size-full\" srcset=\"https:\/\/knotty.flowers\/wp-content\/uploads\/2023\/03\/DMC01147-683x1024.png 683w, https:\/\/knotty.flowers\/wp-content\/uploads\/2023\/03\/DMC01147-600x900.png 600w, https:\/\/knotty.flowers\/wp-content\/uploads\/2023\/03\/DMC01147-200x300.png 200w, https:\/\/knotty.flowers\/wp-content\/uploads\/2023\/03\/DMC01147-768x1152.png 768w, https:\/\/knotty.flowers\/wp-content\/uploads\/2023\/03\/DMC01147-1024x1536.png 1024w, https:\/\/knotty.flowers\/wp-content\/uploads\/2023\/03\/DMC01147-1365x2048.png 1365w, https:\/\/knotty.flowers\/wp-content\/uploads\/2023\/03\/DMC01147-8x12.png 8w, https:\/\/knotty.flowers\/wp-content\/uploads\/2023\/03\/DMC01147-1140x1710.png 1140w, https:\/\/knotty.flowers\/wp-content\/uploads\/2023\/03\/DMC01147-1320x1980.png 1320w\" sizes=\"auto, (max-width: 683px) 100vw, 683px\" \/><\/figure><div class=\"wp-block-media-text__content\">\n<p>\u00a1Qu\u00e9 tal!<\/p>\n\n\n\n<p>Me llamo Anna Flowers. Desde ni\u00f1a he tenido una gran obsesi\u00f3n con los peluches y los regalos hecho a mano. La atenci\u00f3n y la creatividad que hay detr\u00e1s de ellos me consolaban en mis d\u00edas m\u00e1s oscuros. <\/p>\n\n\n\n<p>Nunca hab\u00eda sido creativa, no hasta que me convert\u00ed en int\u00e9rprete m\u00e9dica espa\u00f1ola. Necesitaba algo para ocupar mis manos mientras estaba esperando a los clientes. Cuando los libros y el m\u00f3vil no me sirvieron, se me ocurri\u00f3 intentar aprender una manualidad. Mis cu\u00f1adas hac\u00edan ganchillo y, aunque intentaron ense\u00f1arme, el internet se convirti\u00f3 en mi maestro.<gwmw style=\"display:none;\"><gwmw style=\"display:none;\"><\/gwmw><\/gwmw><\/p>\n\n\n\n<p>Empec\u00e9 a hacer ganchillo en 2018, comenzando con bufandas y mantas. Aprend\u00ed una variedad de puntadas y c\u00f3mo leer patrones. Durante un viaje fuera del pa\u00eds, experiment\u00e9 con bolsos y monederos. Despu\u00e9s de un descanso y un cambio de escenario, me gradu\u00e9 del trabajo plano y aprend\u00ed a hacer una pelota que fue seguida por pulpos, elefantes y ay tantos otros animales. No fue hasta que me mud\u00e9 a Dakota del Sur en 2021 que prob\u00e9 a hacer mu\u00f1ecas, que me han encantado desde entonces.<\/p>\n\n\n\n<p>Al aprender a hacer ganchillo, he ampliado mis horizontes m\u00e1s all\u00e1 de lo que cre\u00eda que pod\u00eda hacer por ser biling\u00fce. Acceder a medios en ingl\u00e9s y espa\u00f1ol me ha ayudado en muchos proyectos. Tambi\u00e9n he podido ayudar a otros creadores a distribuir sus patrones m\u00e1s all\u00e1 al traducirlos. <\/p>\n\n\n\n<p>La alegr\u00eda que he visto, no s\u00f3lo en los ni\u00f1os sino tambi\u00e9n en los adultos, me ha mantenido emocionada para crecer como estudiante de las artes de fibra. El ganchillo y otras artes de fibra se han convertido en algo m\u00e1s que un pasatiempo para m\u00ed. Se han convertido en una parte de mi vida que me encanta compartir con los dem\u00e1s.&nbsp;<gwmw style=\"display:none;\"><\/gwmw><\/p>\n\n\n\n<p>Al vender mis creaciones no s\u00f3lo contribuyo a financiar mi pasatiempo y a evitar que acumule cosas, sino que tambi\u00e9n puedo marcar la diferencia en la vida de una persona.<\/p>\n\n\n\n<p>\u00a1Los mejores regalos son los personales!<\/p>\n<\/div><\/div>\n\n\n\n<p><\/p>","protected":false},"excerpt":{"rendered":"<p>\u00a1Qu\u00e9 tal! My name is Anna Flowers. Since I was a child, I have had quite an obsession with stuffed animals and homemade gifts. The thoughtfulness and creativity behind them comforted me in my darkest days. I was never creative myself, it wasn&#8217;t until I became a Spanish medical interpreter. I needed something to keep my hands occupied while waiting for clients. When books and cell phone didn\u2019t work, I figured I would try to learn a craft. My sisters-in-law crocheted and although they tried to teach me, the internet came to my teacher. I began crocheting in 2018, beginning with scarves and blankets. I learned a variety of stitches and how to read patterns. While on a trip out of the country, I experimented with bags and purses. After a break and a change of scenery, I graduated from flat work and learned to make a ball followed by octopus, elephants, and oh so many other animals. It wasn\u2019t until I moved to South Dakota in 2021 that I tried my hand at making dolls which I have loved ever since. While learning to crochet, I have expanded my horizons beyond what I thought I could do because of being bilingual. Accessing media in both English and Spanish has aided me in many projects. I have also been able to assist other creators with spreading their patterns further by translating them. The joy that I have seen, not just in children but also adults, has kept me excited to grow as a student of the fiber arts. Crochet and other fiber arts have become more than a hobby for me. It\u2019s become a part of my life that I enjoy sharing with others.&nbsp; Selling my creations not only helps to fund my hobby and keeps me from hoarding, but also can make a difference in a person\u2019s life. The best kind of gifts are personal!<\/p>","protected":false},"author":1,"featured_media":0,"parent":0,"menu_order":0,"comment_status":"closed","ping_status":"closed","template":"","meta":{"footnotes":""},"class_list":["post-2","page","type-page","status-publish","hentry"],"yoast_head":"<!-- This site is optimized with the Yoast SEO plugin v27.4 - https:\/\/yoast.com\/product\/yoast-seo-wordpress\/ -->\n<title>About Me - Knotty Flowers LLC<\/title>\n<meta name=\"description\" content=\"Lab tech turned yarn addict sharing her joy of custom handcrafted creations with her community. She also assists creators with spreading the patterns to the Spanish speaking world by translating their patterns.\" \/>\n<meta name=\"robots\" content=\"index, follow, max-snippet:-1, max-image-preview:large, max-video-preview:-1\" \/>\n<link rel=\"canonical\" href=\"https:\/\/knotty.flowers\/es\/about-me\/\" \/>\n<meta property=\"og:locale\" content=\"es_MX\" \/>\n<meta property=\"og:type\" content=\"article\" \/>\n<meta property=\"og:title\" content=\"About Me - Knotty Flowers LLC\" \/>\n<meta property=\"og:description\" content=\"Lab tech turned yarn addict sharing her joy of custom handcrafted creations with her community. She also assists creators with spreading the patterns to the Spanish speaking world by translating their patterns.\" \/>\n<meta property=\"og:url\" content=\"https:\/\/knotty.flowers\/es\/about-me\/\" \/>\n<meta property=\"og:site_name\" content=\"Knotty Flowers LLC\" \/>\n<meta property=\"article:publisher\" content=\"https:\/\/www.facebook.com\/KnottyFlowers\" \/>\n<meta property=\"article:modified_time\" content=\"2026-01-02T22:03:55+00:00\" \/>\n<meta property=\"og:image\" content=\"https:\/\/knotty.flowers\/wp-content\/uploads\/2023\/03\/DMC01147-683x1024.png\" \/>\n\t<meta property=\"og:image:width\" content=\"683\" \/>\n\t<meta property=\"og:image:height\" content=\"1024\" \/>\n\t<meta property=\"og:image:type\" content=\"image\/png\" \/>\n<meta name=\"twitter:card\" content=\"summary_large_image\" \/>\n<meta name=\"twitter:label1\" content=\"Tiempo de lectura\" \/>\n\t<meta name=\"twitter:data1\" content=\"2 minutos\" \/>\n<script type=\"application\/ld+json\" class=\"yoast-schema-graph\">{\"@context\":\"https:\\\/\\\/schema.org\",\"@graph\":[{\"@type\":\"WebPage\",\"@id\":\"https:\\\/\\\/knotty.flowers\\\/about-me\\\/\",\"url\":\"https:\\\/\\\/knotty.flowers\\\/about-me\\\/\",\"name\":\"About Me - Knotty Flowers LLC\",\"isPartOf\":{\"@id\":\"https:\\\/\\\/knotty.flowers\\\/#website\"},\"primaryImageOfPage\":{\"@id\":\"https:\\\/\\\/knotty.flowers\\\/about-me\\\/#primaryimage\"},\"image\":{\"@id\":\"https:\\\/\\\/knotty.flowers\\\/about-me\\\/#primaryimage\"},\"thumbnailUrl\":\"https:\\\/\\\/knotty.flowers\\\/wp-content\\\/uploads\\\/2023\\\/03\\\/DMC01147-683x1024.png\",\"datePublished\":\"2022-01-07T19:04:21+00:00\",\"dateModified\":\"2026-01-02T22:03:55+00:00\",\"description\":\"Lab tech turned yarn addict sharing her joy of custom handcrafted creations with her community. She also assists creators with spreading the patterns to the Spanish speaking world by translating their patterns.\",\"breadcrumb\":{\"@id\":\"https:\\\/\\\/knotty.flowers\\\/about-me\\\/#breadcrumb\"},\"inLanguage\":\"es\",\"potentialAction\":[{\"@type\":\"ReadAction\",\"target\":[\"https:\\\/\\\/knotty.flowers\\\/about-me\\\/\"]}]},{\"@type\":\"ImageObject\",\"inLanguage\":\"es\",\"@id\":\"https:\\\/\\\/knotty.flowers\\\/about-me\\\/#primaryimage\",\"url\":\"https:\\\/\\\/knotty.flowers\\\/wp-content\\\/uploads\\\/2023\\\/03\\\/DMC01147-683x1024.png\",\"contentUrl\":\"https:\\\/\\\/knotty.flowers\\\/wp-content\\\/uploads\\\/2023\\\/03\\\/DMC01147-683x1024.png\"},{\"@type\":\"BreadcrumbList\",\"@id\":\"https:\\\/\\\/knotty.flowers\\\/about-me\\\/#breadcrumb\",\"itemListElement\":[{\"@type\":\"ListItem\",\"position\":1,\"name\":\"Home\",\"item\":\"https:\\\/\\\/knotty.flowers\\\/\"},{\"@type\":\"ListItem\",\"position\":2,\"name\":\"About Me\"}]},{\"@type\":\"WebSite\",\"@id\":\"https:\\\/\\\/knotty.flowers\\\/#website\",\"url\":\"https:\\\/\\\/knotty.flowers\\\/\",\"name\":\"Knotty Flowers LLC\",\"description\":\"Custom Creations Made With Amor\",\"publisher\":{\"@id\":\"https:\\\/\\\/knotty.flowers\\\/#organization\"},\"potentialAction\":[{\"@type\":\"SearchAction\",\"target\":{\"@type\":\"EntryPoint\",\"urlTemplate\":\"https:\\\/\\\/knotty.flowers\\\/?s={search_term_string}\"},\"query-input\":{\"@type\":\"PropertyValueSpecification\",\"valueRequired\":true,\"valueName\":\"search_term_string\"}}],\"inLanguage\":\"es\"},{\"@type\":\"Organization\",\"@id\":\"https:\\\/\\\/knotty.flowers\\\/#organization\",\"name\":\"Knotty Flowers LLC\",\"url\":\"https:\\\/\\\/knotty.flowers\\\/\",\"logo\":{\"@type\":\"ImageObject\",\"inLanguage\":\"es\",\"@id\":\"https:\\\/\\\/knotty.flowers\\\/#\\\/schema\\\/logo\\\/image\\\/\",\"url\":\"https:\\\/\\\/knotty.flowers\\\/wp-content\\\/uploads\\\/2022\\\/01\\\/Knotty-Flowersvariations-01.png\",\"contentUrl\":\"https:\\\/\\\/knotty.flowers\\\/wp-content\\\/uploads\\\/2022\\\/01\\\/Knotty-Flowersvariations-01.png\",\"width\":3901,\"height\":1414,\"caption\":\"Knotty Flowers LLC\"},\"image\":{\"@id\":\"https:\\\/\\\/knotty.flowers\\\/#\\\/schema\\\/logo\\\/image\\\/\"},\"sameAs\":[\"https:\\\/\\\/www.facebook.com\\\/KnottyFlowers\",\"https:\\\/\\\/www.instagram.com\\\/knotty_flowers\"]}]}<\/script>\n<!-- \/ Yoast SEO plugin. -->","yoast_head_json":{"title":"About Me - Knotty Flowers LLC","description":"Lab tech turned yarn addict sharing her joy of custom handcrafted creations with her community. She also assists creators with spreading the patterns to the Spanish speaking world by translating their patterns.","robots":{"index":"index","follow":"follow","max-snippet":"max-snippet:-1","max-image-preview":"max-image-preview:large","max-video-preview":"max-video-preview:-1"},"canonical":"https:\/\/knotty.flowers\/es\/about-me\/","og_locale":"es_MX","og_type":"article","og_title":"About Me - Knotty Flowers LLC","og_description":"Lab tech turned yarn addict sharing her joy of custom handcrafted creations with her community. She also assists creators with spreading the patterns to the Spanish speaking world by translating their patterns.","og_url":"https:\/\/knotty.flowers\/es\/about-me\/","og_site_name":"Knotty Flowers LLC","article_publisher":"https:\/\/www.facebook.com\/KnottyFlowers","article_modified_time":"2026-01-02T22:03:55+00:00","og_image":[{"width":683,"height":1024,"url":"https:\/\/knotty.flowers\/wp-content\/uploads\/2023\/03\/DMC01147-683x1024.png","type":"image\/png"}],"twitter_card":"summary_large_image","twitter_misc":{"Tiempo de lectura":"2 minutos"},"schema":{"@context":"https:\/\/schema.org","@graph":[{"@type":"WebPage","@id":"https:\/\/knotty.flowers\/about-me\/","url":"https:\/\/knotty.flowers\/about-me\/","name":"About Me - Knotty Flowers LLC","isPartOf":{"@id":"https:\/\/knotty.flowers\/#website"},"primaryImageOfPage":{"@id":"https:\/\/knotty.flowers\/about-me\/#primaryimage"},"image":{"@id":"https:\/\/knotty.flowers\/about-me\/#primaryimage"},"thumbnailUrl":"https:\/\/knotty.flowers\/wp-content\/uploads\/2023\/03\/DMC01147-683x1024.png","datePublished":"2022-01-07T19:04:21+00:00","dateModified":"2026-01-02T22:03:55+00:00","description":"Lab tech turned yarn addict sharing her joy of custom handcrafted creations with her community. She also assists creators with spreading the patterns to the Spanish speaking world by translating their patterns.","breadcrumb":{"@id":"https:\/\/knotty.flowers\/about-me\/#breadcrumb"},"inLanguage":"es","potentialAction":[{"@type":"ReadAction","target":["https:\/\/knotty.flowers\/about-me\/"]}]},{"@type":"ImageObject","inLanguage":"es","@id":"https:\/\/knotty.flowers\/about-me\/#primaryimage","url":"https:\/\/knotty.flowers\/wp-content\/uploads\/2023\/03\/DMC01147-683x1024.png","contentUrl":"https:\/\/knotty.flowers\/wp-content\/uploads\/2023\/03\/DMC01147-683x1024.png"},{"@type":"BreadcrumbList","@id":"https:\/\/knotty.flowers\/about-me\/#breadcrumb","itemListElement":[{"@type":"ListItem","position":1,"name":"Home","item":"https:\/\/knotty.flowers\/"},{"@type":"ListItem","position":2,"name":"About Me"}]},{"@type":"WebSite","@id":"https:\/\/knotty.flowers\/#website","url":"https:\/\/knotty.flowers\/","name":"Knotty Flowers LLC","description":"Custom Creations Made With Amor","publisher":{"@id":"https:\/\/knotty.flowers\/#organization"},"potentialAction":[{"@type":"SearchAction","target":{"@type":"EntryPoint","urlTemplate":"https:\/\/knotty.flowers\/?s={search_term_string}"},"query-input":{"@type":"PropertyValueSpecification","valueRequired":true,"valueName":"search_term_string"}}],"inLanguage":"es"},{"@type":"Organization","@id":"https:\/\/knotty.flowers\/#organization","name":"Knotty Flowers LLC","url":"https:\/\/knotty.flowers\/","logo":{"@type":"ImageObject","inLanguage":"es","@id":"https:\/\/knotty.flowers\/#\/schema\/logo\/image\/","url":"https:\/\/knotty.flowers\/wp-content\/uploads\/2022\/01\/Knotty-Flowersvariations-01.png","contentUrl":"https:\/\/knotty.flowers\/wp-content\/uploads\/2022\/01\/Knotty-Flowersvariations-01.png","width":3901,"height":1414,"caption":"Knotty Flowers LLC"},"image":{"@id":"https:\/\/knotty.flowers\/#\/schema\/logo\/image\/"},"sameAs":["https:\/\/www.facebook.com\/KnottyFlowers","https:\/\/www.instagram.com\/knotty_flowers"]}]}},"jetpack_sharing_enabled":true,"_links":{"self":[{"href":"https:\/\/knotty.flowers\/es\/wp-json\/wp\/v2\/pages\/2","targetHints":{"allow":["GET"]}}],"collection":[{"href":"https:\/\/knotty.flowers\/es\/wp-json\/wp\/v2\/pages"}],"about":[{"href":"https:\/\/knotty.flowers\/es\/wp-json\/wp\/v2\/types\/page"}],"author":[{"embeddable":true,"href":"https:\/\/knotty.flowers\/es\/wp-json\/wp\/v2\/users\/1"}],"replies":[{"embeddable":true,"href":"https:\/\/knotty.flowers\/es\/wp-json\/wp\/v2\/comments?post=2"}],"version-history":[{"count":35,"href":"https:\/\/knotty.flowers\/es\/wp-json\/wp\/v2\/pages\/2\/revisions"}],"predecessor-version":[{"id":5154,"href":"https:\/\/knotty.flowers\/es\/wp-json\/wp\/v2\/pages\/2\/revisions\/5154"}],"wp:attachment":[{"href":"https:\/\/knotty.flowers\/es\/wp-json\/wp\/v2\/media?parent=2"}],"curies":[{"name":"wp","href":"https:\/\/api.w.org\/{rel}","templated":true}]}}