{"id":223,"date":"2022-01-10T04:25:33","date_gmt":"2022-01-10T04:25:33","guid":{"rendered":"http:\/\/161.35.133.48\/?page_id=223"},"modified":"2026-01-04T14:44:11","modified_gmt":"2026-01-04T20:44:11","slug":"gallery","status":"publish","type":"page","link":"https:\/\/knotty.flowers\/es\/gallery\/","title":{"rendered":"Galer\u00eda"},"content":{"rendered":"<h3 class=\"wp-block-heading has-text-align-center\"> Aqu\u00ed tiene categor\u00edas espec\u00edficas para que vea mis trabajos anteriores<\/h3>\n\n\n\n<div class=\"wp-block-group\"><div class=\"wp-block-group__inner-container is-layout-flow wp-block-group-is-layout-flow\">\n<div class=\"wp-block-buttons has-custom-font-size has-small-font-size is-horizontal is-content-justification-center is-layout-flex wp-container-core-buttons-is-layout-03627597 wp-block-buttons-is-layout-flex\">\n<div class=\"wp-block-button\"><a class=\"wp-block-button__link wp-element-button\" href=\"https:\/\/photos.app.goo.gl\/BeRE6mVU7YCm548a7\" target=\"_blank\" rel=\"noreferrer noopener\">Critters<\/a><\/div>\n\n\n\n<div class=\"wp-block-button\"><a class=\"wp-block-button__link wp-element-button\" href=\"https:\/\/photos.app.goo.gl\/SvrJ8uhsm2DUs6Eq7\" target=\"_blank\" rel=\"noreferrer noopener\">Mu\u00f1ecas<\/a><\/div>\n\n\n\n<div class=\"wp-block-button\"><a class=\"wp-block-button__link wp-element-button\" href=\"https:\/\/photos.app.goo.gl\/dSFct5C6PNE2qVBi6\" target=\"_blank\" rel=\"noreferrer noopener\">Homegoods<\/a><\/div>\n\n\n\n<div class=\"wp-block-button\"><a class=\"wp-block-button__link wp-element-button\" href=\"https:\/\/photos.app.goo.gl\/bb8ztU8eShSXQQzG7\" target=\"_blank\" rel=\"noreferrer noopener\">Otros<\/a><\/div>\n<\/div>\n<\/div><\/div>\n\n\n\n<div style=\"height:61px\" aria-hidden=\"true\" class=\"wp-block-spacer\"><\/div>\n\n\n\n<figure class=\"wp-block-gallery has-nested-images columns-default is-cropped wp-block-gallery-1 is-layout-flex wp-block-gallery-is-layout-flex\">\n<figure class=\"wp-block-image size-large\"><img loading=\"lazy\" decoding=\"async\" width=\"768\" height=\"1024\" data-id=\"5257\" src=\"https:\/\/knotty.flowers\/wp-content\/uploads\/2022\/01\/IMG_20230709_140603451-768x1024.jpg\" alt=\"\" class=\"wp-image-5257\" srcset=\"https:\/\/knotty.flowers\/wp-content\/uploads\/2022\/01\/IMG_20230709_140603451-768x1024.jpg 768w, https:\/\/knotty.flowers\/wp-content\/uploads\/2022\/01\/IMG_20230709_140603451-225x300.jpg 225w, https:\/\/knotty.flowers\/wp-content\/uploads\/2022\/01\/IMG_20230709_140603451-1152x1536.jpg 1152w, https:\/\/knotty.flowers\/wp-content\/uploads\/2022\/01\/IMG_20230709_140603451-1536x2048.jpg 1536w, https:\/\/knotty.flowers\/wp-content\/uploads\/2022\/01\/IMG_20230709_140603451-9x12.jpg 9w, https:\/\/knotty.flowers\/wp-content\/uploads\/2022\/01\/IMG_20230709_140603451-1140x1520.jpg 1140w, https:\/\/knotty.flowers\/wp-content\/uploads\/2022\/01\/IMG_20230709_140603451-600x800.jpg 600w, https:\/\/knotty.flowers\/wp-content\/uploads\/2022\/01\/IMG_20230709_140603451-scaled.jpg 1920w\" sizes=\"auto, (max-width: 768px) 100vw, 768px\" \/><\/figure>\n\n\n\n<figure class=\"wp-block-image size-large\"><img loading=\"lazy\" decoding=\"async\" width=\"954\" height=\"954\" data-id=\"5258\" src=\"https:\/\/knotty.flowers\/wp-content\/uploads\/2022\/01\/Photoroom-20240523_2313062.png\" alt=\"\" class=\"wp-image-5258\" srcset=\"https:\/\/knotty.flowers\/wp-content\/uploads\/2022\/01\/Photoroom-20240523_2313062.png 954w, https:\/\/knotty.flowers\/wp-content\/uploads\/2022\/01\/Photoroom-20240523_2313062-300x300.png 300w, https:\/\/knotty.flowers\/wp-content\/uploads\/2022\/01\/Photoroom-20240523_2313062-150x150.png 150w, https:\/\/knotty.flowers\/wp-content\/uploads\/2022\/01\/Photoroom-20240523_2313062-768x768.png 768w, https:\/\/knotty.flowers\/wp-content\/uploads\/2022\/01\/Photoroom-20240523_2313062-12x12.png 12w, https:\/\/knotty.flowers\/wp-content\/uploads\/2022\/01\/Photoroom-20240523_2313062-75x75.png 75w, https:\/\/knotty.flowers\/wp-content\/uploads\/2022\/01\/Photoroom-20240523_2313062-600x600.png 600w, https:\/\/knotty.flowers\/wp-content\/uploads\/2022\/01\/Photoroom-20240523_2313062-100x100.png 100w\" sizes=\"auto, (max-width: 954px) 100vw, 954px\" \/><\/figure>\n\n\n\n<figure class=\"wp-block-image size-large\"><img loading=\"lazy\" decoding=\"async\" width=\"516\" height=\"1024\" data-id=\"5262\" src=\"https:\/\/knotty.flowers\/wp-content\/uploads\/2022\/01\/received_862530522600876-516x1024.jpg\" alt=\"\" class=\"wp-image-5262\" srcset=\"https:\/\/knotty.flowers\/wp-content\/uploads\/2022\/01\/received_862530522600876-516x1024.jpg 516w, https:\/\/knotty.flowers\/wp-content\/uploads\/2022\/01\/received_862530522600876-151x300.jpg 151w, https:\/\/knotty.flowers\/wp-content\/uploads\/2022\/01\/received_862530522600876-768x1523.jpg 768w, https:\/\/knotty.flowers\/wp-content\/uploads\/2022\/01\/received_862530522600876-774x1536.jpg 774w, https:\/\/knotty.flowers\/wp-content\/uploads\/2022\/01\/received_862530522600876-6x12.jpg 6w, https:\/\/knotty.flowers\/wp-content\/uploads\/2022\/01\/received_862530522600876-600x1190.jpg 600w, https:\/\/knotty.flowers\/wp-content\/uploads\/2022\/01\/received_862530522600876.jpg 968w\" sizes=\"auto, (max-width: 516px) 100vw, 516px\" \/><\/figure>\n\n\n\n<figure class=\"wp-block-image size-large\"><img loading=\"lazy\" decoding=\"async\" width=\"522\" height=\"522\" data-id=\"5259\" src=\"https:\/\/knotty.flowers\/wp-content\/uploads\/2022\/01\/Photoroom-20240602_1639302.png\" alt=\"\" class=\"wp-image-5259\" srcset=\"https:\/\/knotty.flowers\/wp-content\/uploads\/2022\/01\/Photoroom-20240602_1639302.png 522w, https:\/\/knotty.flowers\/wp-content\/uploads\/2022\/01\/Photoroom-20240602_1639302-300x300.png 300w, https:\/\/knotty.flowers\/wp-content\/uploads\/2022\/01\/Photoroom-20240602_1639302-150x150.png 150w, https:\/\/knotty.flowers\/wp-content\/uploads\/2022\/01\/Photoroom-20240602_1639302-12x12.png 12w, https:\/\/knotty.flowers\/wp-content\/uploads\/2022\/01\/Photoroom-20240602_1639302-75x75.png 75w, https:\/\/knotty.flowers\/wp-content\/uploads\/2022\/01\/Photoroom-20240602_1639302-100x100.png 100w\" sizes=\"auto, (max-width: 522px) 100vw, 522px\" \/><\/figure>\n\n\n\n<figure class=\"wp-block-image size-large\"><img loading=\"lazy\" decoding=\"async\" width=\"558\" height=\"559\" data-id=\"5264\" src=\"https:\/\/knotty.flowers\/wp-content\/uploads\/2022\/01\/Photoroom-20240528_1449282.png\" alt=\"\" class=\"wp-image-5264\" srcset=\"https:\/\/knotty.flowers\/wp-content\/uploads\/2022\/01\/Photoroom-20240528_1449282.png 558w, https:\/\/knotty.flowers\/wp-content\/uploads\/2022\/01\/Photoroom-20240528_1449282-300x300.png 300w, https:\/\/knotty.flowers\/wp-content\/uploads\/2022\/01\/Photoroom-20240528_1449282-150x150.png 150w, https:\/\/knotty.flowers\/wp-content\/uploads\/2022\/01\/Photoroom-20240528_1449282-12x12.png 12w, https:\/\/knotty.flowers\/wp-content\/uploads\/2022\/01\/Photoroom-20240528_1449282-75x75.png 75w, https:\/\/knotty.flowers\/wp-content\/uploads\/2022\/01\/Photoroom-20240528_1449282-100x100.png 100w\" sizes=\"auto, (max-width: 558px) 100vw, 558px\" \/><\/figure>\n\n\n\n<figure class=\"wp-block-image size-large\"><img loading=\"lazy\" decoding=\"async\" width=\"864\" height=\"865\" data-id=\"5269\" src=\"https:\/\/knotty.flowers\/wp-content\/uploads\/2022\/01\/Img_2023_09_30_23_57_22.jpg\" alt=\"\" class=\"wp-image-5269\" srcset=\"https:\/\/knotty.flowers\/wp-content\/uploads\/2022\/01\/Img_2023_09_30_23_57_22.jpg 864w, https:\/\/knotty.flowers\/wp-content\/uploads\/2022\/01\/Img_2023_09_30_23_57_22-300x300.jpg 300w, https:\/\/knotty.flowers\/wp-content\/uploads\/2022\/01\/Img_2023_09_30_23_57_22-150x150.jpg 150w, https:\/\/knotty.flowers\/wp-content\/uploads\/2022\/01\/Img_2023_09_30_23_57_22-768x769.jpg 768w, https:\/\/knotty.flowers\/wp-content\/uploads\/2022\/01\/Img_2023_09_30_23_57_22-12x12.jpg 12w, https:\/\/knotty.flowers\/wp-content\/uploads\/2022\/01\/Img_2023_09_30_23_57_22-75x75.jpg 75w, https:\/\/knotty.flowers\/wp-content\/uploads\/2022\/01\/Img_2023_09_30_23_57_22-600x601.jpg 600w, https:\/\/knotty.flowers\/wp-content\/uploads\/2022\/01\/Img_2023_09_30_23_57_22-100x100.jpg 100w\" sizes=\"auto, (max-width: 864px) 100vw, 864px\" \/><\/figure>\n\n\n\n<figure class=\"wp-block-image size-large\"><img loading=\"lazy\" decoding=\"async\" width=\"794\" height=\"794\" data-id=\"5268\" src=\"https:\/\/knotty.flowers\/wp-content\/uploads\/2022\/01\/PhotoRoom-20240110_0214282.png\" alt=\"\" class=\"wp-image-5268\" srcset=\"https:\/\/knotty.flowers\/wp-content\/uploads\/2022\/01\/PhotoRoom-20240110_0214282.png 794w, https:\/\/knotty.flowers\/wp-content\/uploads\/2022\/01\/PhotoRoom-20240110_0214282-300x300.png 300w, https:\/\/knotty.flowers\/wp-content\/uploads\/2022\/01\/PhotoRoom-20240110_0214282-150x150.png 150w, https:\/\/knotty.flowers\/wp-content\/uploads\/2022\/01\/PhotoRoom-20240110_0214282-768x768.png 768w, https:\/\/knotty.flowers\/wp-content\/uploads\/2022\/01\/PhotoRoom-20240110_0214282-12x12.png 12w, https:\/\/knotty.flowers\/wp-content\/uploads\/2022\/01\/PhotoRoom-20240110_0214282-75x75.png 75w, https:\/\/knotty.flowers\/wp-content\/uploads\/2022\/01\/PhotoRoom-20240110_0214282-600x600.png 600w, https:\/\/knotty.flowers\/wp-content\/uploads\/2022\/01\/PhotoRoom-20240110_0214282-100x100.png 100w\" sizes=\"auto, (max-width: 794px) 100vw, 794px\" \/><\/figure>\n\n\n\n<figure class=\"wp-block-image size-large\"><img loading=\"lazy\" decoding=\"async\" width=\"938\" height=\"938\" data-id=\"5266\" src=\"https:\/\/knotty.flowers\/wp-content\/uploads\/2022\/01\/Photoroom-20240512_1719262.png\" alt=\"\" class=\"wp-image-5266\" srcset=\"https:\/\/knotty.flowers\/wp-content\/uploads\/2022\/01\/Photoroom-20240512_1719262.png 938w, https:\/\/knotty.flowers\/wp-content\/uploads\/2022\/01\/Photoroom-20240512_1719262-300x300.png 300w, https:\/\/knotty.flowers\/wp-content\/uploads\/2022\/01\/Photoroom-20240512_1719262-150x150.png 150w, https:\/\/knotty.flowers\/wp-content\/uploads\/2022\/01\/Photoroom-20240512_1719262-768x768.png 768w, https:\/\/knotty.flowers\/wp-content\/uploads\/2022\/01\/Photoroom-20240512_1719262-12x12.png 12w, https:\/\/knotty.flowers\/wp-content\/uploads\/2022\/01\/Photoroom-20240512_1719262-75x75.png 75w, https:\/\/knotty.flowers\/wp-content\/uploads\/2022\/01\/Photoroom-20240512_1719262-600x600.png 600w, https:\/\/knotty.flowers\/wp-content\/uploads\/2022\/01\/Photoroom-20240512_1719262-100x100.png 100w\" sizes=\"auto, (max-width: 938px) 100vw, 938px\" \/><\/figure>\n<\/figure>\n\n\n\n<figure class=\"wp-block-gallery has-nested-images columns-default is-cropped wp-block-gallery-2 is-layout-flex wp-block-gallery-is-layout-flex\">\n<figure class=\"wp-block-image size-large\"><img loading=\"lazy\" decoding=\"async\" width=\"768\" height=\"1024\" data-id=\"5267\" src=\"https:\/\/knotty.flowers\/wp-content\/uploads\/2022\/01\/PXL_20231123_210922827-768x1024.jpg\" alt=\"\" class=\"wp-image-5267\" srcset=\"https:\/\/knotty.flowers\/wp-content\/uploads\/2022\/01\/PXL_20231123_210922827-768x1024.jpg 768w, https:\/\/knotty.flowers\/wp-content\/uploads\/2022\/01\/PXL_20231123_210922827-225x300.jpg 225w, https:\/\/knotty.flowers\/wp-content\/uploads\/2022\/01\/PXL_20231123_210922827-1152x1536.jpg 1152w, https:\/\/knotty.flowers\/wp-content\/uploads\/2022\/01\/PXL_20231123_210922827-1536x2048.jpg 1536w, https:\/\/knotty.flowers\/wp-content\/uploads\/2022\/01\/PXL_20231123_210922827-9x12.jpg 9w, https:\/\/knotty.flowers\/wp-content\/uploads\/2022\/01\/PXL_20231123_210922827-1140x1520.jpg 1140w, https:\/\/knotty.flowers\/wp-content\/uploads\/2022\/01\/PXL_20231123_210922827-600x800.jpg 600w, https:\/\/knotty.flowers\/wp-content\/uploads\/2022\/01\/PXL_20231123_210922827-scaled.jpg 1920w\" sizes=\"auto, (max-width: 768px) 100vw, 768px\" \/><\/figure>\n\n\n\n<figure class=\"wp-block-image size-large\"><img loading=\"lazy\" decoding=\"async\" width=\"1024\" height=\"910\" data-id=\"5263\" src=\"https:\/\/knotty.flowers\/wp-content\/uploads\/2022\/01\/PhotoRoom-20240131_2326062-1024x910.png\" alt=\"\" class=\"wp-image-5263\" srcset=\"https:\/\/knotty.flowers\/wp-content\/uploads\/2022\/01\/PhotoRoom-20240131_2326062-1024x910.png 1024w, https:\/\/knotty.flowers\/wp-content\/uploads\/2022\/01\/PhotoRoom-20240131_2326062-300x267.png 300w, https:\/\/knotty.flowers\/wp-content\/uploads\/2022\/01\/PhotoRoom-20240131_2326062-768x683.png 768w, https:\/\/knotty.flowers\/wp-content\/uploads\/2022\/01\/PhotoRoom-20240131_2326062-14x12.png 14w, https:\/\/knotty.flowers\/wp-content\/uploads\/2022\/01\/PhotoRoom-20240131_2326062-600x533.png 600w, https:\/\/knotty.flowers\/wp-content\/uploads\/2022\/01\/PhotoRoom-20240131_2326062.png 1080w\" sizes=\"auto, (max-width: 1024px) 100vw, 1024px\" \/><\/figure>\n<\/figure>\n\n\n\n<figure class=\"wp-block-image size-large\"><img loading=\"lazy\" decoding=\"async\" width=\"1024\" height=\"919\" src=\"https:\/\/knotty.flowers\/wp-content\/uploads\/2022\/01\/PhotoRoom-20240127_0720092-1024x919.png\" alt=\"\" class=\"wp-image-5265\" srcset=\"https:\/\/knotty.flowers\/wp-content\/uploads\/2022\/01\/PhotoRoom-20240127_0720092-1024x919.png 1024w, https:\/\/knotty.flowers\/wp-content\/uploads\/2022\/01\/PhotoRoom-20240127_0720092-300x269.png 300w, https:\/\/knotty.flowers\/wp-content\/uploads\/2022\/01\/PhotoRoom-20240127_0720092-768x689.png 768w, https:\/\/knotty.flowers\/wp-content\/uploads\/2022\/01\/PhotoRoom-20240127_0720092-13x12.png 13w, https:\/\/knotty.flowers\/wp-content\/uploads\/2022\/01\/PhotoRoom-20240127_0720092-600x538.png 600w, https:\/\/knotty.flowers\/wp-content\/uploads\/2022\/01\/PhotoRoom-20240127_0720092.png 1080w\" sizes=\"auto, (max-width: 1024px) 100vw, 1024px\" \/><\/figure>","protected":false},"excerpt":{"rendered":"<p>Aqu\u00ed tiene categor\u00edas espec\u00edficas para que vea mis trabajos anteriores<\/p>","protected":false},"author":1,"featured_media":0,"parent":0,"menu_order":0,"comment_status":"closed","ping_status":"closed","template":"","meta":{"footnotes":""},"class_list":["post-223","page","type-page","status-publish","hentry"],"yoast_head":"<!-- This site is optimized with the Yoast SEO plugin v27.4 - https:\/\/yoast.com\/product\/yoast-seo-wordpress\/ -->\n<title>Gallery - Knotty Flowers LLC<\/title>\n<meta name=\"description\" content=\"Follow my Instagram feed through my website in case you don&#039;t have a account to view more examples. Feel free to reach out to me.\" \/>\n<meta name=\"robots\" content=\"index, follow, max-snippet:-1, max-image-preview:large, max-video-preview:-1\" \/>\n<link rel=\"canonical\" href=\"https:\/\/knotty.flowers\/es\/gallery\/\" \/>\n<meta property=\"og:locale\" content=\"es_MX\" \/>\n<meta property=\"og:type\" content=\"article\" \/>\n<meta property=\"og:title\" content=\"Instagram Feed\" \/>\n<meta property=\"og:description\" content=\"Take a look at my website for the Instagram feed if you don&#039;t have an account.\" \/>\n<meta property=\"og:url\" content=\"https:\/\/knotty.flowers\/es\/gallery\/\" \/>\n<meta property=\"og:site_name\" content=\"Knotty Flowers LLC\" \/>\n<meta property=\"article:publisher\" content=\"https:\/\/www.facebook.com\/KnottyFlowers\" \/>\n<meta property=\"article:modified_time\" content=\"2026-01-04T20:44:11+00:00\" \/>\n<meta property=\"og:image\" content=\"http:\/\/knotty.flowers\/wp-content\/uploads\/2022\/11\/IMG_20221103_163309161-scaled.jpg\" \/>\n\t<meta property=\"og:image:width\" content=\"1920\" \/>\n\t<meta property=\"og:image:height\" content=\"2560\" \/>\n\t<meta property=\"og:image:type\" content=\"image\/jpeg\" \/>\n<meta name=\"twitter:card\" content=\"summary_large_image\" \/>\n<meta name=\"twitter:label1\" content=\"Tiempo de lectura\" \/>\n\t<meta name=\"twitter:data1\" content=\"5 minutos\" \/>\n<script type=\"application\/ld+json\" class=\"yoast-schema-graph\">{\"@context\":\"https:\\\/\\\/schema.org\",\"@graph\":[{\"@type\":\"WebPage\",\"@id\":\"https:\\\/\\\/knotty.flowers\\\/gallery\\\/\",\"url\":\"https:\\\/\\\/knotty.flowers\\\/gallery\\\/\",\"name\":\"Gallery - Knotty Flowers LLC\",\"isPartOf\":{\"@id\":\"https:\\\/\\\/knotty.flowers\\\/#website\"},\"primaryImageOfPage\":{\"@id\":\"https:\\\/\\\/knotty.flowers\\\/gallery\\\/#primaryimage\"},\"image\":{\"@id\":\"https:\\\/\\\/knotty.flowers\\\/gallery\\\/#primaryimage\"},\"thumbnailUrl\":\"https:\\\/\\\/knotty.flowers\\\/wp-content\\\/uploads\\\/2022\\\/01\\\/IMG_20230709_140603451-768x1024.jpg\",\"datePublished\":\"2022-01-10T04:25:33+00:00\",\"dateModified\":\"2026-01-04T20:44:11+00:00\",\"description\":\"Follow my Instagram feed through my website in case you don't have a account to view more examples. Feel free to reach out to me.\",\"breadcrumb\":{\"@id\":\"https:\\\/\\\/knotty.flowers\\\/gallery\\\/#breadcrumb\"},\"inLanguage\":\"es\",\"potentialAction\":[{\"@type\":\"ReadAction\",\"target\":[\"https:\\\/\\\/knotty.flowers\\\/gallery\\\/\"]}]},{\"@type\":\"ImageObject\",\"inLanguage\":\"es\",\"@id\":\"https:\\\/\\\/knotty.flowers\\\/gallery\\\/#primaryimage\",\"url\":\"https:\\\/\\\/knotty.flowers\\\/wp-content\\\/uploads\\\/2022\\\/01\\\/IMG_20230709_140603451-768x1024.jpg\",\"contentUrl\":\"https:\\\/\\\/knotty.flowers\\\/wp-content\\\/uploads\\\/2022\\\/01\\\/IMG_20230709_140603451-768x1024.jpg\"},{\"@type\":\"BreadcrumbList\",\"@id\":\"https:\\\/\\\/knotty.flowers\\\/gallery\\\/#breadcrumb\",\"itemListElement\":[{\"@type\":\"ListItem\",\"position\":1,\"name\":\"Home\",\"item\":\"https:\\\/\\\/knotty.flowers\\\/\"},{\"@type\":\"ListItem\",\"position\":2,\"name\":\"Gallery\"}]},{\"@type\":\"WebSite\",\"@id\":\"https:\\\/\\\/knotty.flowers\\\/#website\",\"url\":\"https:\\\/\\\/knotty.flowers\\\/\",\"name\":\"Knotty Flowers LLC\",\"description\":\"Custom Creations Made With Amor\",\"publisher\":{\"@id\":\"https:\\\/\\\/knotty.flowers\\\/#organization\"},\"potentialAction\":[{\"@type\":\"SearchAction\",\"target\":{\"@type\":\"EntryPoint\",\"urlTemplate\":\"https:\\\/\\\/knotty.flowers\\\/?s={search_term_string}\"},\"query-input\":{\"@type\":\"PropertyValueSpecification\",\"valueRequired\":true,\"valueName\":\"search_term_string\"}}],\"inLanguage\":\"es\"},{\"@type\":\"Organization\",\"@id\":\"https:\\\/\\\/knotty.flowers\\\/#organization\",\"name\":\"Knotty Flowers LLC\",\"url\":\"https:\\\/\\\/knotty.flowers\\\/\",\"logo\":{\"@type\":\"ImageObject\",\"inLanguage\":\"es\",\"@id\":\"https:\\\/\\\/knotty.flowers\\\/#\\\/schema\\\/logo\\\/image\\\/\",\"url\":\"https:\\\/\\\/knotty.flowers\\\/wp-content\\\/uploads\\\/2022\\\/01\\\/Knotty-Flowersvariations-01.png\",\"contentUrl\":\"https:\\\/\\\/knotty.flowers\\\/wp-content\\\/uploads\\\/2022\\\/01\\\/Knotty-Flowersvariations-01.png\",\"width\":3901,\"height\":1414,\"caption\":\"Knotty Flowers LLC\"},\"image\":{\"@id\":\"https:\\\/\\\/knotty.flowers\\\/#\\\/schema\\\/logo\\\/image\\\/\"},\"sameAs\":[\"https:\\\/\\\/www.facebook.com\\\/KnottyFlowers\",\"https:\\\/\\\/www.instagram.com\\\/knotty_flowers\"]}]}<\/script>\n<!-- \/ Yoast SEO plugin. -->","yoast_head_json":{"title":"Gallery - Knotty Flowers LLC","description":"Follow my Instagram feed through my website in case you don't have a account to view more examples. Feel free to reach out to me.","robots":{"index":"index","follow":"follow","max-snippet":"max-snippet:-1","max-image-preview":"max-image-preview:large","max-video-preview":"max-video-preview:-1"},"canonical":"https:\/\/knotty.flowers\/es\/gallery\/","og_locale":"es_MX","og_type":"article","og_title":"Instagram Feed","og_description":"Take a look at my website for the Instagram feed if you don't have an account.","og_url":"https:\/\/knotty.flowers\/es\/gallery\/","og_site_name":"Knotty Flowers LLC","article_publisher":"https:\/\/www.facebook.com\/KnottyFlowers","article_modified_time":"2026-01-04T20:44:11+00:00","og_image":[{"width":1920,"height":2560,"url":"http:\/\/knotty.flowers\/wp-content\/uploads\/2022\/11\/IMG_20221103_163309161-scaled.jpg","type":"image\/jpeg"}],"twitter_card":"summary_large_image","twitter_misc":{"Tiempo de lectura":"5 minutos"},"schema":{"@context":"https:\/\/schema.org","@graph":[{"@type":"WebPage","@id":"https:\/\/knotty.flowers\/gallery\/","url":"https:\/\/knotty.flowers\/gallery\/","name":"Gallery - Knotty Flowers LLC","isPartOf":{"@id":"https:\/\/knotty.flowers\/#website"},"primaryImageOfPage":{"@id":"https:\/\/knotty.flowers\/gallery\/#primaryimage"},"image":{"@id":"https:\/\/knotty.flowers\/gallery\/#primaryimage"},"thumbnailUrl":"https:\/\/knotty.flowers\/wp-content\/uploads\/2022\/01\/IMG_20230709_140603451-768x1024.jpg","datePublished":"2022-01-10T04:25:33+00:00","dateModified":"2026-01-04T20:44:11+00:00","description":"Follow my Instagram feed through my website in case you don't have a account to view more examples. Feel free to reach out to me.","breadcrumb":{"@id":"https:\/\/knotty.flowers\/gallery\/#breadcrumb"},"inLanguage":"es","potentialAction":[{"@type":"ReadAction","target":["https:\/\/knotty.flowers\/gallery\/"]}]},{"@type":"ImageObject","inLanguage":"es","@id":"https:\/\/knotty.flowers\/gallery\/#primaryimage","url":"https:\/\/knotty.flowers\/wp-content\/uploads\/2022\/01\/IMG_20230709_140603451-768x1024.jpg","contentUrl":"https:\/\/knotty.flowers\/wp-content\/uploads\/2022\/01\/IMG_20230709_140603451-768x1024.jpg"},{"@type":"BreadcrumbList","@id":"https:\/\/knotty.flowers\/gallery\/#breadcrumb","itemListElement":[{"@type":"ListItem","position":1,"name":"Home","item":"https:\/\/knotty.flowers\/"},{"@type":"ListItem","position":2,"name":"Gallery"}]},{"@type":"WebSite","@id":"https:\/\/knotty.flowers\/#website","url":"https:\/\/knotty.flowers\/","name":"Knotty Flowers LLC","description":"Custom Creations Made With Amor","publisher":{"@id":"https:\/\/knotty.flowers\/#organization"},"potentialAction":[{"@type":"SearchAction","target":{"@type":"EntryPoint","urlTemplate":"https:\/\/knotty.flowers\/?s={search_term_string}"},"query-input":{"@type":"PropertyValueSpecification","valueRequired":true,"valueName":"search_term_string"}}],"inLanguage":"es"},{"@type":"Organization","@id":"https:\/\/knotty.flowers\/#organization","name":"Knotty Flowers LLC","url":"https:\/\/knotty.flowers\/","logo":{"@type":"ImageObject","inLanguage":"es","@id":"https:\/\/knotty.flowers\/#\/schema\/logo\/image\/","url":"https:\/\/knotty.flowers\/wp-content\/uploads\/2022\/01\/Knotty-Flowersvariations-01.png","contentUrl":"https:\/\/knotty.flowers\/wp-content\/uploads\/2022\/01\/Knotty-Flowersvariations-01.png","width":3901,"height":1414,"caption":"Knotty Flowers LLC"},"image":{"@id":"https:\/\/knotty.flowers\/#\/schema\/logo\/image\/"},"sameAs":["https:\/\/www.facebook.com\/KnottyFlowers","https:\/\/www.instagram.com\/knotty_flowers"]}]}},"jetpack_sharing_enabled":true,"_links":{"self":[{"href":"https:\/\/knotty.flowers\/es\/wp-json\/wp\/v2\/pages\/223","targetHints":{"allow":["GET"]}}],"collection":[{"href":"https:\/\/knotty.flowers\/es\/wp-json\/wp\/v2\/pages"}],"about":[{"href":"https:\/\/knotty.flowers\/es\/wp-json\/wp\/v2\/types\/page"}],"author":[{"embeddable":true,"href":"https:\/\/knotty.flowers\/es\/wp-json\/wp\/v2\/users\/1"}],"replies":[{"embeddable":true,"href":"https:\/\/knotty.flowers\/es\/wp-json\/wp\/v2\/comments?post=223"}],"version-history":[{"count":53,"href":"https:\/\/knotty.flowers\/es\/wp-json\/wp\/v2\/pages\/223\/revisions"}],"predecessor-version":[{"id":5273,"href":"https:\/\/knotty.flowers\/es\/wp-json\/wp\/v2\/pages\/223\/revisions\/5273"}],"wp:attachment":[{"href":"https:\/\/knotty.flowers\/es\/wp-json\/wp\/v2\/media?parent=223"}],"curies":[{"name":"wp","href":"https:\/\/api.w.org\/{rel}","templated":true}]}}