{"id":27,"date":"2022-01-09T03:54:42","date_gmt":"2022-01-09T03:54:42","guid":{"rendered":"http:\/\/161.35.133.48\/?page_id=27"},"modified":"2026-04-06T13:46:06","modified_gmt":"2026-04-06T18:46:06","slug":"welcome","status":"publish","type":"page","link":"https:\/\/knotty.flowers\/es\/","title":{"rendered":"La Alegr\u00eda de la Artesan\u00eda"},"content":{"rendered":"<div style=\"height:33px\" aria-hidden=\"true\" class=\"wp-block-spacer\"><\/div>\n\n\n\n<div class=\"wp-block-media-text alignwide has-media-on-the-right is-stacked-on-mobile is-vertically-aligned-top\" style=\"grid-template-columns:auto 34%\"><div class=\"wp-block-media-text__content\">\n<p class=\"has-text-align-center\">\u00a1Compartiendo mi pasi\u00f3n contigo! <\/p>\n\n\n\n<p class=\"has-text-align-center\">T\u00f3mese un momento para echar un vistazo y disfrutar de estas maravillosas creaciones. Si no encuentra nada que le guste, p\u00f3ngase en contacto conmigo. Cada creaci\u00f3n est\u00e1 hecha a mano y se puede personalizar para darle un regalo \u00fanico. <br><br>Si se encuentra en Sioux Falls, SD, <strong><a href=\"https:\/\/knotty.flowers\/es\/events\/\">\u00fanete conmigo<\/a> <\/strong>para los d\u00edas artesanales en que trabajamos en nuestros propios proyectos y charlamos.<\/p>\n<\/div><figure class=\"wp-block-media-text__media\"><img loading=\"lazy\" decoding=\"async\" width=\"1024\" height=\"683\" src=\"https:\/\/knotty.flowers\/wp-content\/uploads\/2023\/03\/DMC01069-1024x683.jpg\" alt=\"\" class=\"wp-image-4552 size-full\" srcset=\"https:\/\/knotty.flowers\/wp-content\/uploads\/2023\/03\/DMC01069-1024x683.jpg 1024w, https:\/\/knotty.flowers\/wp-content\/uploads\/2023\/03\/DMC01069-scaled-600x400.jpg 600w, https:\/\/knotty.flowers\/wp-content\/uploads\/2023\/03\/DMC01069-300x200.jpg 300w, https:\/\/knotty.flowers\/wp-content\/uploads\/2023\/03\/DMC01069-768x512.jpg 768w, https:\/\/knotty.flowers\/wp-content\/uploads\/2023\/03\/DMC01069-1536x1024.jpg 1536w, https:\/\/knotty.flowers\/wp-content\/uploads\/2023\/03\/DMC01069-2048x1365.jpg 2048w, https:\/\/knotty.flowers\/wp-content\/uploads\/2023\/03\/DMC01069-18x12.jpg 18w, https:\/\/knotty.flowers\/wp-content\/uploads\/2023\/03\/DMC01069-1140x760.jpg 1140w, https:\/\/knotty.flowers\/wp-content\/uploads\/2023\/03\/DMC01069-1320x880.jpg 1320w\" sizes=\"auto, (max-width: 1024px) 100vw, 1024px\" \/><\/figure><\/div>\n\n\n\n<div style=\"height:40px\" aria-hidden=\"true\" class=\"wp-block-spacer\"><\/div>\n\n\n\n<hr class=\"wp-block-separator has-alpha-channel-opacity\"\/>\n\n\n\n<div style=\"height:40px\" aria-hidden=\"true\" class=\"wp-block-spacer\"><\/div>\n\n\n\n<h2 class=\"wp-block-heading has-text-align-center\">Contact<\/h2>\n\n\n\n<div class=\"wp-block-columns is-layout-flex wp-container-core-columns-is-layout-28f84493 wp-block-columns-is-layout-flex\">\n<div class=\"wp-block-column contact-form is-layout-flow wp-block-column-is-layout-flow\">\n<div class=\"wp-block-buttons is-content-justification-center is-layout-flex wp-container-core-buttons-is-layout-a89b3969 wp-block-buttons-is-layout-flex\">\n<div class=\"wp-block-button\"><a class=\"wp-block-button__link wp-element-button\" href=\"https:\/\/knotty.flowers\/es\/bookme\/\" target=\"_blank\" rel=\"noreferrer noopener\">Scheduling<\/a><\/div>\n\n\n\n<div class=\"wp-block-button\"><a class=\"wp-block-button__link wp-element-button\" href=\"tel:6123145931\" target=\"_blank\" rel=\"noreferrer noopener\">Llamada\/Texto<\/a><\/div>\n\n\n\n<div class=\"wp-block-button\"><a class=\"wp-block-button__link wp-element-button\" href=\"mailto:anna@knotty.flowers\" target=\"_blank\" rel=\"noreferrer noopener\">Correo electr\u00f3nico<\/a><\/div>\n\n\n\n<div class=\"wp-block-button\"><a class=\"wp-block-button__link wp-element-button\" href=\"https:\/\/www.google.com\/maps\/search\/4301+W%20Valhalla%20BlvdApt%2016,+Sioux%20Falls,+SD,+57106+USA\" target=\"_blank\" rel=\"noreferrer noopener\">Correo postal<\/a><\/div>\n<\/div>\n<\/div>\n<\/div>\n\n\n\n<div style=\"height:40px\" aria-hidden=\"true\" class=\"wp-block-spacer\"><\/div>\n\n\n\n<hr class=\"wp-block-separator has-alpha-channel-opacity\"\/>\n\n\n\n<p><\/p>","protected":false},"excerpt":{"rendered":"<p>Sharing my passion with you! Take a moment to look around and enjoy these wonderful creations. If you don&#8217;t see anything you like, please contact me. Each creation is handmade and can be personalized to give you a one-of-a-kind gift. If you are in Sioux Falls, SD, join me for crafting days where we work on our own projects and chat! Contact<\/p>","protected":false},"author":1,"featured_media":0,"parent":0,"menu_order":0,"comment_status":"closed","ping_status":"closed","template":"","meta":{"footnotes":""},"class_list":["post-27","page","type-page","status-publish","hentry"],"yoast_head":"<!-- This site is optimized with the Yoast SEO plugin v27.4 - https:\/\/yoast.com\/product\/yoast-seo-wordpress\/ -->\n<title>The Joy of Crafting - Knotty Flowers LLC<\/title>\n<meta name=\"description\" content=\"Sharing the art of handmade items through local crafting events in the Sioux Falls area. Services include custom creations, crochet lessons, and Spanish translations\" \/>\n<meta name=\"robots\" content=\"index, follow, max-snippet:-1, max-image-preview:large, max-video-preview:-1\" \/>\n<link rel=\"canonical\" href=\"https:\/\/knotty.flowers\/es\/\" \/>\n<meta property=\"og:locale\" content=\"es_MX\" \/>\n<meta property=\"og:type\" content=\"article\" \/>\n<meta property=\"og:title\" content=\"Knotty Flowers LLC\" \/>\n<meta property=\"og:description\" content=\"Knotty Flowers LLC is a Sioux Falls Based organization. Focused on sharing the beauty of handmade items. All Items are unique and custom!\" \/>\n<meta property=\"og:url\" content=\"https:\/\/knotty.flowers\/es\/\" \/>\n<meta property=\"og:site_name\" content=\"Knotty Flowers LLC\" \/>\n<meta property=\"article:publisher\" content=\"https:\/\/www.facebook.com\/KnottyFlowers\" \/>\n<meta property=\"article:modified_time\" content=\"2026-04-06T18:46:06+00:00\" \/>\n<meta property=\"og:image\" content=\"http:\/\/knotty.flowers\/wp-content\/uploads\/2022\/01\/Knotty-Flowersvariations-01.png\" \/>\n\t<meta property=\"og:image:width\" content=\"3901\" \/>\n\t<meta property=\"og:image:height\" content=\"1414\" \/>\n\t<meta property=\"og:image:type\" content=\"image\/png\" \/>\n<meta name=\"twitter:card\" content=\"summary_large_image\" \/>\n<meta name=\"twitter:label1\" content=\"Tiempo de lectura\" \/>\n\t<meta name=\"twitter:data1\" content=\"1 minuto\" \/>\n<script type=\"application\/ld+json\" class=\"yoast-schema-graph\">{\"@context\":\"https:\\\/\\\/schema.org\",\"@graph\":[{\"@type\":\"WebPage\",\"@id\":\"https:\\\/\\\/knotty.flowers\\\/\",\"url\":\"https:\\\/\\\/knotty.flowers\\\/\",\"name\":\"The Joy of Crafting - Knotty Flowers LLC\",\"isPartOf\":{\"@id\":\"https:\\\/\\\/knotty.flowers\\\/#website\"},\"primaryImageOfPage\":{\"@id\":\"https:\\\/\\\/knotty.flowers\\\/#primaryimage\"},\"image\":{\"@id\":\"https:\\\/\\\/knotty.flowers\\\/#primaryimage\"},\"thumbnailUrl\":\"https:\\\/\\\/knotty.flowers\\\/wp-content\\\/uploads\\\/2023\\\/03\\\/DMC01069-1024x683.jpg\",\"datePublished\":\"2022-01-09T03:54:42+00:00\",\"dateModified\":\"2026-04-06T18:46:06+00:00\",\"description\":\"Sharing the art of handmade items through local crafting events in the Sioux Falls area. Services include custom creations, crochet lessons, and Spanish translations\",\"breadcrumb\":{\"@id\":\"https:\\\/\\\/knotty.flowers\\\/#breadcrumb\"},\"inLanguage\":\"es\",\"potentialAction\":[{\"@type\":\"ReadAction\",\"target\":[\"https:\\\/\\\/knotty.flowers\\\/\"]}]},{\"@type\":\"ImageObject\",\"inLanguage\":\"es\",\"@id\":\"https:\\\/\\\/knotty.flowers\\\/#primaryimage\",\"url\":\"https:\\\/\\\/knotty.flowers\\\/wp-content\\\/uploads\\\/2023\\\/03\\\/DMC01069-1024x683.jpg\",\"contentUrl\":\"https:\\\/\\\/knotty.flowers\\\/wp-content\\\/uploads\\\/2023\\\/03\\\/DMC01069-1024x683.jpg\"},{\"@type\":\"BreadcrumbList\",\"@id\":\"https:\\\/\\\/knotty.flowers\\\/#breadcrumb\",\"itemListElement\":[{\"@type\":\"ListItem\",\"position\":1,\"name\":\"Home\",\"item\":\"https:\\\/\\\/knotty.flowers\\\/\"},{\"@type\":\"ListItem\",\"position\":2,\"name\":\"The Joy of Crafting\"}]},{\"@type\":\"WebSite\",\"@id\":\"https:\\\/\\\/knotty.flowers\\\/#website\",\"url\":\"https:\\\/\\\/knotty.flowers\\\/\",\"name\":\"Knotty Flowers LLC\",\"description\":\"Custom Creations Made With Amor\",\"publisher\":{\"@id\":\"https:\\\/\\\/knotty.flowers\\\/#organization\"},\"potentialAction\":[{\"@type\":\"SearchAction\",\"target\":{\"@type\":\"EntryPoint\",\"urlTemplate\":\"https:\\\/\\\/knotty.flowers\\\/?s={search_term_string}\"},\"query-input\":{\"@type\":\"PropertyValueSpecification\",\"valueRequired\":true,\"valueName\":\"search_term_string\"}}],\"inLanguage\":\"es\"},{\"@type\":\"Organization\",\"@id\":\"https:\\\/\\\/knotty.flowers\\\/#organization\",\"name\":\"Knotty Flowers LLC\",\"url\":\"https:\\\/\\\/knotty.flowers\\\/\",\"logo\":{\"@type\":\"ImageObject\",\"inLanguage\":\"es\",\"@id\":\"https:\\\/\\\/knotty.flowers\\\/#\\\/schema\\\/logo\\\/image\\\/\",\"url\":\"https:\\\/\\\/knotty.flowers\\\/wp-content\\\/uploads\\\/2022\\\/01\\\/Knotty-Flowersvariations-01.png\",\"contentUrl\":\"https:\\\/\\\/knotty.flowers\\\/wp-content\\\/uploads\\\/2022\\\/01\\\/Knotty-Flowersvariations-01.png\",\"width\":3901,\"height\":1414,\"caption\":\"Knotty Flowers LLC\"},\"image\":{\"@id\":\"https:\\\/\\\/knotty.flowers\\\/#\\\/schema\\\/logo\\\/image\\\/\"},\"sameAs\":[\"https:\\\/\\\/www.facebook.com\\\/KnottyFlowers\",\"https:\\\/\\\/www.instagram.com\\\/knotty_flowers\"]}]}<\/script>\n<!-- \/ Yoast SEO plugin. -->","yoast_head_json":{"title":"The Joy of Crafting - Knotty Flowers LLC","description":"Sharing the art of handmade items through local crafting events in the Sioux Falls area. Services include custom creations, crochet lessons, and Spanish translations","robots":{"index":"index","follow":"follow","max-snippet":"max-snippet:-1","max-image-preview":"max-image-preview:large","max-video-preview":"max-video-preview:-1"},"canonical":"https:\/\/knotty.flowers\/es\/","og_locale":"es_MX","og_type":"article","og_title":"Knotty Flowers LLC","og_description":"Knotty Flowers LLC is a Sioux Falls Based organization. Focused on sharing the beauty of handmade items. All Items are unique and custom!","og_url":"https:\/\/knotty.flowers\/es\/","og_site_name":"Knotty Flowers LLC","article_publisher":"https:\/\/www.facebook.com\/KnottyFlowers","article_modified_time":"2026-04-06T18:46:06+00:00","og_image":[{"width":3901,"height":1414,"url":"http:\/\/knotty.flowers\/wp-content\/uploads\/2022\/01\/Knotty-Flowersvariations-01.png","type":"image\/png"}],"twitter_card":"summary_large_image","twitter_misc":{"Tiempo de lectura":"1 minuto"},"schema":{"@context":"https:\/\/schema.org","@graph":[{"@type":"WebPage","@id":"https:\/\/knotty.flowers\/","url":"https:\/\/knotty.flowers\/","name":"The Joy of Crafting - Knotty Flowers LLC","isPartOf":{"@id":"https:\/\/knotty.flowers\/#website"},"primaryImageOfPage":{"@id":"https:\/\/knotty.flowers\/#primaryimage"},"image":{"@id":"https:\/\/knotty.flowers\/#primaryimage"},"thumbnailUrl":"https:\/\/knotty.flowers\/wp-content\/uploads\/2023\/03\/DMC01069-1024x683.jpg","datePublished":"2022-01-09T03:54:42+00:00","dateModified":"2026-04-06T18:46:06+00:00","description":"Sharing the art of handmade items through local crafting events in the Sioux Falls area. Services include custom creations, crochet lessons, and Spanish translations","breadcrumb":{"@id":"https:\/\/knotty.flowers\/#breadcrumb"},"inLanguage":"es","potentialAction":[{"@type":"ReadAction","target":["https:\/\/knotty.flowers\/"]}]},{"@type":"ImageObject","inLanguage":"es","@id":"https:\/\/knotty.flowers\/#primaryimage","url":"https:\/\/knotty.flowers\/wp-content\/uploads\/2023\/03\/DMC01069-1024x683.jpg","contentUrl":"https:\/\/knotty.flowers\/wp-content\/uploads\/2023\/03\/DMC01069-1024x683.jpg"},{"@type":"BreadcrumbList","@id":"https:\/\/knotty.flowers\/#breadcrumb","itemListElement":[{"@type":"ListItem","position":1,"name":"Home","item":"https:\/\/knotty.flowers\/"},{"@type":"ListItem","position":2,"name":"The Joy of Crafting"}]},{"@type":"WebSite","@id":"https:\/\/knotty.flowers\/#website","url":"https:\/\/knotty.flowers\/","name":"Knotty Flowers LLC","description":"Custom Creations Made With Amor","publisher":{"@id":"https:\/\/knotty.flowers\/#organization"},"potentialAction":[{"@type":"SearchAction","target":{"@type":"EntryPoint","urlTemplate":"https:\/\/knotty.flowers\/?s={search_term_string}"},"query-input":{"@type":"PropertyValueSpecification","valueRequired":true,"valueName":"search_term_string"}}],"inLanguage":"es"},{"@type":"Organization","@id":"https:\/\/knotty.flowers\/#organization","name":"Knotty Flowers LLC","url":"https:\/\/knotty.flowers\/","logo":{"@type":"ImageObject","inLanguage":"es","@id":"https:\/\/knotty.flowers\/#\/schema\/logo\/image\/","url":"https:\/\/knotty.flowers\/wp-content\/uploads\/2022\/01\/Knotty-Flowersvariations-01.png","contentUrl":"https:\/\/knotty.flowers\/wp-content\/uploads\/2022\/01\/Knotty-Flowersvariations-01.png","width":3901,"height":1414,"caption":"Knotty Flowers LLC"},"image":{"@id":"https:\/\/knotty.flowers\/#\/schema\/logo\/image\/"},"sameAs":["https:\/\/www.facebook.com\/KnottyFlowers","https:\/\/www.instagram.com\/knotty_flowers"]}]}},"jetpack_sharing_enabled":true,"_links":{"self":[{"href":"https:\/\/knotty.flowers\/es\/wp-json\/wp\/v2\/pages\/27","targetHints":{"allow":["GET"]}}],"collection":[{"href":"https:\/\/knotty.flowers\/es\/wp-json\/wp\/v2\/pages"}],"about":[{"href":"https:\/\/knotty.flowers\/es\/wp-json\/wp\/v2\/types\/page"}],"author":[{"embeddable":true,"href":"https:\/\/knotty.flowers\/es\/wp-json\/wp\/v2\/users\/1"}],"replies":[{"embeddable":true,"href":"https:\/\/knotty.flowers\/es\/wp-json\/wp\/v2\/comments?post=27"}],"version-history":[{"count":171,"href":"https:\/\/knotty.flowers\/es\/wp-json\/wp\/v2\/pages\/27\/revisions"}],"predecessor-version":[{"id":5712,"href":"https:\/\/knotty.flowers\/es\/wp-json\/wp\/v2\/pages\/27\/revisions\/5712"}],"wp:attachment":[{"href":"https:\/\/knotty.flowers\/es\/wp-json\/wp\/v2\/media?parent=27"}],"curies":[{"name":"wp","href":"https:\/\/api.w.org\/{rel}","templated":true}]}}