{"id":5035,"date":"2024-12-21T19:04:11","date_gmt":"2024-12-22T01:04:11","guid":{"rendered":"https:\/\/knotty.flowers\/wp-booking-calendar\/"},"modified":"2026-01-10T01:34:59","modified_gmt":"2026-01-10T07:34:59","slug":"bookme","status":"publish","type":"page","link":"https:\/\/knotty.flowers\/es\/bookme\/","title":{"rendered":"Res\u00e9rvame"},"content":{"rendered":"<div data-block-name=\"woocommerce\/customer-account\" data-icon-class=\"wc-block-customer-account__account-icon\"\n\t\t\tclass=\"wp-block-woocommerce-customer-account alignleft\"\n\t\t\tstyle=\"\"\n\t\t>\t\n\t\t\t<a\n\t\t\t\tclass=\"wc-block-customer-account__link\"\n\t\t\t\thref=\"https:\/\/knotty.flowers\/es\/my-account\/\"\n\t\t\t\t\t\t\t>\n\t\t\t\t<svg class=\"wc-block-customer-account__account-icon\" xmlns=\"http:\/\/www.w3.org\/2000\/svg\" viewbox=\"-5 -5 25 25\">\n\t\t\t<path fill-rule=\"evenodd\" clip-rule=\"evenodd\" d=\"M8.00009 8.34785C10.3096 8.34785 12.1819 6.47909 12.1819 4.17393C12.1819 1.86876 10.3096 0 8.00009 0C5.69055 0 3.81824 1.86876 3.81824 4.17393C3.81824 6.47909 5.69055 8.34785 8.00009 8.34785ZM0.333496 15.6522C0.333496 15.8444 0.489412 16 0.681933 16H15.3184C15.5109 16 15.6668 15.8444 15.6668 15.6522V14.9565C15.6668 12.1428 13.7821 9.73911 10.0912 9.73911H5.90931C2.21828 9.73911 0.333645 12.1428 0.333645 14.9565L0.333496 15.6522Z\" fill=\"currentColor\" \/>\n\t\t<\/svg>\t\t\t\t<span class=\"label\" data-no-translation=\"\" data-trp-gettext=\"\">Acceder<\/span>\t\t\t<\/a>\n\t\t<\/div>\n\t\t\n\n\n<div style=\"height:20px\" aria-hidden=\"true\" class=\"wp-block-spacer\"><\/div>\n\n\n\n<span><span style=\"font-size:20px\"><b>Clases privadas de crochet<\/b> Las clases particulares de crochet cuestan $45 por persona y por hora. Se aplica un cargo de $10 si se requieren materiales.\n\n\n\n<div style=\"height:22px\" aria-hidden=\"true\" class=\"wp-block-spacer\"><\/div>\n\n\n\n<p>Tambi\u00e9n ofrezco <strong>talleres y ense\u00f1anzas<\/strong> en&nbsp;<strong><a href=\"https:\/\/www.prairieroadyarn.com\/our-classes.htm\">Prairie Road Yarn<\/a><\/strong>, <strong><a href=\"https:\/\/amccollectivesd.com\/collections\/workshops\">AMC Collective<\/a><\/strong>, and <a href=\"https:\/\/tashisyarnbar.com\/\"><strong>Tashi&#8217;s Yarn Bar<\/strong><\/a> (coming soon)<\/p>\n\n\n\n<div style=\"height:20px\" aria-hidden=\"true\" class=\"wp-block-spacer\"><\/div>\n\n\n\n<span><span style=\"font-size:20px\"><b>Los servicios de traducci\u00f3n al espa\u00f1ol<\/b> cuestan $25 por hora, con un m\u00ednimo de 1 hora. Las tarifas se pueden negociar en funci\u00f3n de la complejidad y la extensi\u00f3n de la traducci\u00f3n.\n<br>\n\n\n\n<div style=\"height:20px\" aria-hidden=\"true\" class=\"wp-block-spacer\"><\/div>\n\n\n\n<span><span style=\"font-size:20px\"><b>La interpretaci\u00f3n en persona<\/b> cuesta $45 por hora, con un m\u00ednimo de 1 hora. Limitado a Sioux Falls y algunas \u00e1reas circundantes.\n<br>\n\n\n\n<div style=\"height:28px\" aria-hidden=\"true\" class=\"wp-block-spacer\"><\/div>\n\n\n\n<span><span style=\"font-size:20px\"><b>Pago:<\/b> Siempre prefiero el pago en efectivo, pero tambi\u00e9n acepto Venmo, Apple Pay, Cash App y tarjetas.<u>Cualquier forma de pago que no sea en efectivo tendr\u00e1 un recargo por gastos de tramitaci\u00f3n y los impuestos correspondientes.<\/u>\n\n\n\n<!-- Calendly inline widget begin -->\n<div class=\"calendly-inline-widget\" data-url=\"https:\/\/calendly.com\/knotty-flowers?hide_landing_page_details=1&#038;hide_gdpr_banner=1\" style=\"min-width:320px;height:900px;\"><\/div>\n<script type=\"text\/javascript\" src=\"https:\/\/assets.calendly.com\/assets\/external\/widget.js\" async><\/script>\n<!-- Calendly inline widget end -->","protected":false},"excerpt":{"rendered":"<p>Private crochet lessons are $45 per person per hour. There is a $10 charge if materials are required. I also provide classes and lessons at&nbsp;Prairie Road Yarn, AMC Collective, and Tashi&#8217;s Yarn Bar (coming soon) Spanish translation services are $25 per hour with a 1-hour minimum. Rates can be negotiated based on the complexity and length of the translation. In-person Interpreting is $45 per hour with a 1-hour minimum. Limited to Sioux Falls and some surrounding areas. Payment: Cash is always preferred but I do accept Venmo, Apple Pay, Cash app, and cards.Anything other than cash will have processing fees and applicable taxes added.<\/p>","protected":false},"author":1,"featured_media":0,"parent":0,"menu_order":0,"comment_status":"closed","ping_status":"closed","template":"","meta":{"footnotes":""},"class_list":["post-5035","page","type-page","status-publish","hentry"],"yoast_head":"<!-- This site is optimized with the Yoast SEO plugin v27.4 - https:\/\/yoast.com\/product\/yoast-seo-wordpress\/ -->\n<title>Booking Reservation - Knotty Flowers LLC<\/title>\n<meta name=\"robots\" content=\"index, follow, max-snippet:-1, max-image-preview:large, max-video-preview:-1\" \/>\n<link rel=\"canonical\" href=\"https:\/\/knotty.flowers\/es\/bookme\/\" \/>\n<meta property=\"og:locale\" content=\"es_MX\" \/>\n<meta property=\"og:type\" content=\"article\" \/>\n<meta property=\"og:title\" content=\"Booking Reservation - Knotty Flowers LLC\" \/>\n<meta property=\"og:description\" content=\"Private crochet lessons are $45 per person per hour. There is a $10 charge if materials are required. I also provide classes and lessons at&nbsp;Prairie Road Yarn, AMC Collective, and Tashi&#8217;s Yarn Bar (coming soon) Spanish translation services are $25 per hour with a 1-hour minimum. Rates can be negotiated based on the complexity and length of the translation. In-person Interpreting is $45 per hour with a 1-hour minimum. Limited to Sioux Falls and some surrounding areas. Payment: Cash is always preferred but I do accept Venmo, Apple Pay, Cash app, and cards.Anything other than cash will have processing fees and applicable taxes added.\" \/>\n<meta property=\"og:url\" content=\"https:\/\/knotty.flowers\/es\/bookme\/\" \/>\n<meta property=\"og:site_name\" content=\"Knotty Flowers LLC\" \/>\n<meta property=\"article:publisher\" content=\"https:\/\/www.facebook.com\/KnottyFlowers\" \/>\n<meta property=\"article:modified_time\" content=\"2026-01-10T07:34:59+00:00\" \/>\n<meta name=\"twitter:card\" content=\"summary_large_image\" \/>\n<meta name=\"twitter:label1\" content=\"Tiempo de lectura\" \/>\n\t<meta name=\"twitter:data1\" content=\"1 minuto\" \/>\n<script type=\"application\/ld+json\" class=\"yoast-schema-graph\">{\"@context\":\"https:\\\/\\\/schema.org\",\"@graph\":[{\"@type\":\"WebPage\",\"@id\":\"https:\\\/\\\/knotty.flowers\\\/bookme\\\/\",\"url\":\"https:\\\/\\\/knotty.flowers\\\/bookme\\\/\",\"name\":\"Booking Reservation - Knotty Flowers LLC\",\"isPartOf\":{\"@id\":\"https:\\\/\\\/knotty.flowers\\\/#website\"},\"datePublished\":\"2024-12-22T01:04:11+00:00\",\"dateModified\":\"2026-01-10T07:34:59+00:00\",\"breadcrumb\":{\"@id\":\"https:\\\/\\\/knotty.flowers\\\/bookme\\\/#breadcrumb\"},\"inLanguage\":\"es\",\"potentialAction\":[{\"@type\":\"ReadAction\",\"target\":[\"https:\\\/\\\/knotty.flowers\\\/bookme\\\/\"]}]},{\"@type\":\"BreadcrumbList\",\"@id\":\"https:\\\/\\\/knotty.flowers\\\/bookme\\\/#breadcrumb\",\"itemListElement\":[{\"@type\":\"ListItem\",\"position\":1,\"name\":\"Home\",\"item\":\"https:\\\/\\\/knotty.flowers\\\/\"},{\"@type\":\"ListItem\",\"position\":2,\"name\":\"Booking Reservation\"}]},{\"@type\":\"WebSite\",\"@id\":\"https:\\\/\\\/knotty.flowers\\\/#website\",\"url\":\"https:\\\/\\\/knotty.flowers\\\/\",\"name\":\"Knotty Flowers LLC\",\"description\":\"Custom Creations Made With Amor\",\"publisher\":{\"@id\":\"https:\\\/\\\/knotty.flowers\\\/#organization\"},\"potentialAction\":[{\"@type\":\"SearchAction\",\"target\":{\"@type\":\"EntryPoint\",\"urlTemplate\":\"https:\\\/\\\/knotty.flowers\\\/?s={search_term_string}\"},\"query-input\":{\"@type\":\"PropertyValueSpecification\",\"valueRequired\":true,\"valueName\":\"search_term_string\"}}],\"inLanguage\":\"es\"},{\"@type\":\"Organization\",\"@id\":\"https:\\\/\\\/knotty.flowers\\\/#organization\",\"name\":\"Knotty Flowers LLC\",\"url\":\"https:\\\/\\\/knotty.flowers\\\/\",\"logo\":{\"@type\":\"ImageObject\",\"inLanguage\":\"es\",\"@id\":\"https:\\\/\\\/knotty.flowers\\\/#\\\/schema\\\/logo\\\/image\\\/\",\"url\":\"https:\\\/\\\/knotty.flowers\\\/wp-content\\\/uploads\\\/2022\\\/01\\\/Knotty-Flowersvariations-01.png\",\"contentUrl\":\"https:\\\/\\\/knotty.flowers\\\/wp-content\\\/uploads\\\/2022\\\/01\\\/Knotty-Flowersvariations-01.png\",\"width\":3901,\"height\":1414,\"caption\":\"Knotty Flowers LLC\"},\"image\":{\"@id\":\"https:\\\/\\\/knotty.flowers\\\/#\\\/schema\\\/logo\\\/image\\\/\"},\"sameAs\":[\"https:\\\/\\\/www.facebook.com\\\/KnottyFlowers\",\"https:\\\/\\\/www.instagram.com\\\/knotty_flowers\"]}]}<\/script>\n<!-- \/ Yoast SEO plugin. -->","yoast_head_json":{"title":"Booking Reservation - Knotty Flowers LLC","robots":{"index":"index","follow":"follow","max-snippet":"max-snippet:-1","max-image-preview":"max-image-preview:large","max-video-preview":"max-video-preview:-1"},"canonical":"https:\/\/knotty.flowers\/es\/bookme\/","og_locale":"es_MX","og_type":"article","og_title":"Booking Reservation - Knotty Flowers LLC","og_description":"Private crochet lessons are $45 per person per hour. There is a $10 charge if materials are required. I also provide classes and lessons at&nbsp;Prairie Road Yarn, AMC Collective, and Tashi&#8217;s Yarn Bar (coming soon) Spanish translation services are $25 per hour with a 1-hour minimum. Rates can be negotiated based on the complexity and length of the translation. In-person Interpreting is $45 per hour with a 1-hour minimum. Limited to Sioux Falls and some surrounding areas. Payment: Cash is always preferred but I do accept Venmo, Apple Pay, Cash app, and cards.Anything other than cash will have processing fees and applicable taxes added.","og_url":"https:\/\/knotty.flowers\/es\/bookme\/","og_site_name":"Knotty Flowers LLC","article_publisher":"https:\/\/www.facebook.com\/KnottyFlowers","article_modified_time":"2026-01-10T07:34:59+00:00","twitter_card":"summary_large_image","twitter_misc":{"Tiempo de lectura":"1 minuto"},"schema":{"@context":"https:\/\/schema.org","@graph":[{"@type":"WebPage","@id":"https:\/\/knotty.flowers\/bookme\/","url":"https:\/\/knotty.flowers\/bookme\/","name":"Booking Reservation - Knotty Flowers LLC","isPartOf":{"@id":"https:\/\/knotty.flowers\/#website"},"datePublished":"2024-12-22T01:04:11+00:00","dateModified":"2026-01-10T07:34:59+00:00","breadcrumb":{"@id":"https:\/\/knotty.flowers\/bookme\/#breadcrumb"},"inLanguage":"es","potentialAction":[{"@type":"ReadAction","target":["https:\/\/knotty.flowers\/bookme\/"]}]},{"@type":"BreadcrumbList","@id":"https:\/\/knotty.flowers\/bookme\/#breadcrumb","itemListElement":[{"@type":"ListItem","position":1,"name":"Home","item":"https:\/\/knotty.flowers\/"},{"@type":"ListItem","position":2,"name":"Booking Reservation"}]},{"@type":"WebSite","@id":"https:\/\/knotty.flowers\/#website","url":"https:\/\/knotty.flowers\/","name":"Knotty Flowers LLC","description":"Custom Creations Made With Amor","publisher":{"@id":"https:\/\/knotty.flowers\/#organization"},"potentialAction":[{"@type":"SearchAction","target":{"@type":"EntryPoint","urlTemplate":"https:\/\/knotty.flowers\/?s={search_term_string}"},"query-input":{"@type":"PropertyValueSpecification","valueRequired":true,"valueName":"search_term_string"}}],"inLanguage":"es"},{"@type":"Organization","@id":"https:\/\/knotty.flowers\/#organization","name":"Knotty Flowers LLC","url":"https:\/\/knotty.flowers\/","logo":{"@type":"ImageObject","inLanguage":"es","@id":"https:\/\/knotty.flowers\/#\/schema\/logo\/image\/","url":"https:\/\/knotty.flowers\/wp-content\/uploads\/2022\/01\/Knotty-Flowersvariations-01.png","contentUrl":"https:\/\/knotty.flowers\/wp-content\/uploads\/2022\/01\/Knotty-Flowersvariations-01.png","width":3901,"height":1414,"caption":"Knotty Flowers LLC"},"image":{"@id":"https:\/\/knotty.flowers\/#\/schema\/logo\/image\/"},"sameAs":["https:\/\/www.facebook.com\/KnottyFlowers","https:\/\/www.instagram.com\/knotty_flowers"]}]}},"jetpack_sharing_enabled":true,"_links":{"self":[{"href":"https:\/\/knotty.flowers\/es\/wp-json\/wp\/v2\/pages\/5035","targetHints":{"allow":["GET"]}}],"collection":[{"href":"https:\/\/knotty.flowers\/es\/wp-json\/wp\/v2\/pages"}],"about":[{"href":"https:\/\/knotty.flowers\/es\/wp-json\/wp\/v2\/types\/page"}],"author":[{"embeddable":true,"href":"https:\/\/knotty.flowers\/es\/wp-json\/wp\/v2\/users\/1"}],"replies":[{"embeddable":true,"href":"https:\/\/knotty.flowers\/es\/wp-json\/wp\/v2\/comments?post=5035"}],"version-history":[{"count":39,"href":"https:\/\/knotty.flowers\/es\/wp-json\/wp\/v2\/pages\/5035\/revisions"}],"predecessor-version":[{"id":5435,"href":"https:\/\/knotty.flowers\/es\/wp-json\/wp\/v2\/pages\/5035\/revisions\/5435"}],"wp:attachment":[{"href":"https:\/\/knotty.flowers\/es\/wp-json\/wp\/v2\/media?parent=5035"}],"curies":[{"name":"wp","href":"https:\/\/api.w.org\/{rel}","templated":true}]}}