{"id":622,"date":"2022-01-29T00:18:14","date_gmt":"2022-01-29T00:18:14","guid":{"rendered":"https:\/\/knotty.flowers\/?page_id=622"},"modified":"2022-12-20T23:46:01","modified_gmt":"2022-12-20T23:46:01","slug":"donate","status":"publish","type":"page","link":"https:\/\/knotty.flowers\/es\/donate\/","title":{"rendered":"Donar"},"content":{"rendered":"<h4 class=\"alignwide has-text-align-center wp-block-heading\" id=\"help-support-me-to-help-buy-yarn-supplies-and-the-occasional-coffee\">Apoyando a este negocio peque\u00f1o se ayuda a comprar estambre, materiales y de vez en cuando un caf\u00e9 \ud83d\ude09 <\/h4>\n\n\n\n<div style=\"height:30px\" aria-hidden=\"true\" class=\"wp-block-spacer\"><\/div>\n\n\n\n<h5 class=\"alignwide has-text-align-center wp-block-heading\" id=\"help-support-me-to-help-buy-yarn-supplies-and-the-occasional-coffee\">Tambi\u00e9n me gusta hacer peluches para caridad y me encantar\u00eda que me ayudaras a compartir la alegr\u00eda de los art\u00edculos hechos a mano alrededor de mi comunidad.<\/h5>\n\n\n\n<div style=\"height:20px\" aria-hidden=\"true\" class=\"wp-block-spacer\"><\/div>\n\n\n\n<div class=\"wp-block-buttons is-content-justification-center is-layout-flex wp-container-core-buttons-is-layout-a89b3969 wp-block-buttons-is-layout-flex\">\n<div class=\"wp-block-button has-custom-font-size is-style-fill has-medium-font-size\"><a class=\"wp-block-button__link wp-element-button\" href=\"https:\/\/ko-fi.com\/knottyflowers\" target=\"_blank\" rel=\"noreferrer noopener\">Ko-fi<\/a><\/div>\n<\/div>\n\n\n\n<div style=\"height:20px\" aria-hidden=\"true\" class=\"wp-block-spacer\"><\/div>\n\n\n\n<div class=\"wp-block-buttons is-content-justification-center is-layout-flex wp-container-core-buttons-is-layout-a89b3969 wp-block-buttons-is-layout-flex\">\n<div class=\"wp-block-button has-custom-font-size has-medium-font-size\"><a class=\"wp-block-button__link wp-element-button\" href=\"https:\/\/paypal.me\/knottyflowers\" target=\"_blank\" rel=\"noreferrer noopener\">Paypal<gwmw style=\"display:none;\"><gwmw style=\"display:none;\"><\/gwmw><\/gwmw><\/a><\/div>\n<\/div>\n\n\n\n<div style=\"height:20px\" aria-hidden=\"true\" class=\"wp-block-spacer\"><\/div>\n\n\n\n<div class=\"wp-block-buttons is-content-justification-center is-layout-flex wp-container-core-buttons-is-layout-a89b3969 wp-block-buttons-is-layout-flex\">\n<div class=\"wp-block-button has-custom-font-size has-medium-font-size\"><a class=\"wp-block-button__link wp-element-button\" href=\"https:\/\/venmo.com\/u\/knottyflowers\" target=\"_blank\" rel=\"noreferrer noopener\">Venmo<\/a><\/div>\n<\/div>\n\n\n\n<div style=\"height:20px\" aria-hidden=\"true\" class=\"wp-block-spacer\"><\/div>\n\n\n\n<div class=\"wp-block-buttons is-content-justification-center is-layout-flex wp-container-core-buttons-is-layout-a89b3969 wp-block-buttons-is-layout-flex\">\n<div class=\"wp-block-button has-custom-font-size has-medium-font-size\"><a class=\"wp-block-button__link wp-element-button\" href=\"https:\/\/www.amazon.com\/hz\/wishlist\/ls\/2XMFS600GAA2Z?ref_=wl_share\" target=\"_blank\" rel=\"noreferrer noopener\">Lista de Deseos de Amazon<\/a><\/div>\n<\/div>","protected":false},"excerpt":{"rendered":"<p>Supporting this small business helps to buy yarn, supplies, and the occasional coffee \ud83d\ude09 I also enjoy making stuffed animals for charity and would love for you to help me share the joy of handcrafted items around my community.<\/p>","protected":false},"author":1,"featured_media":0,"parent":0,"menu_order":0,"comment_status":"closed","ping_status":"closed","template":"","meta":{"footnotes":""},"class_list":["post-622","page","type-page","status-publish","hentry"],"yoast_head":"<!-- This site is optimized with the Yoast SEO plugin v27.4 - https:\/\/yoast.com\/product\/yoast-seo-wordpress\/ -->\n<title>Donate - Knotty Flowers LLC<\/title>\n<meta name=\"robots\" content=\"index, follow, max-snippet:-1, max-image-preview:large, max-video-preview:-1\" \/>\n<link rel=\"canonical\" href=\"https:\/\/knotty.flowers\/es\/donate\/\" \/>\n<meta property=\"og:locale\" content=\"es_MX\" \/>\n<meta property=\"og:type\" content=\"article\" \/>\n<meta property=\"og:title\" content=\"Donate - Knotty Flowers LLC\" \/>\n<meta property=\"og:description\" content=\"Supporting this small business helps to buy yarn, supplies, and the occasional coffee \ud83d\ude09 I also enjoy making stuffed animals for charity and would love for you to help me share the joy of handcrafted items around my community.\" \/>\n<meta property=\"og:url\" content=\"https:\/\/knotty.flowers\/es\/donate\/\" \/>\n<meta property=\"og:site_name\" content=\"Knotty Flowers LLC\" \/>\n<meta property=\"article:publisher\" content=\"https:\/\/www.facebook.com\/KnottyFlowers\" \/>\n<meta property=\"article:modified_time\" content=\"2022-12-20T23:46:01+00:00\" \/>\n<meta name=\"twitter:card\" content=\"summary_large_image\" \/>\n<meta name=\"twitter:label1\" content=\"Tiempo de lectura\" \/>\n\t<meta name=\"twitter:data1\" content=\"1 minuto\" \/>\n<script type=\"application\/ld+json\" class=\"yoast-schema-graph\">{\"@context\":\"https:\\\/\\\/schema.org\",\"@graph\":[{\"@type\":\"WebPage\",\"@id\":\"https:\\\/\\\/knotty.flowers\\\/donate\\\/\",\"url\":\"https:\\\/\\\/knotty.flowers\\\/donate\\\/\",\"name\":\"Donate - Knotty Flowers LLC\",\"isPartOf\":{\"@id\":\"https:\\\/\\\/knotty.flowers\\\/#website\"},\"datePublished\":\"2022-01-29T00:18:14+00:00\",\"dateModified\":\"2022-12-20T23:46:01+00:00\",\"breadcrumb\":{\"@id\":\"https:\\\/\\\/knotty.flowers\\\/donate\\\/#breadcrumb\"},\"inLanguage\":\"es\",\"potentialAction\":[{\"@type\":\"ReadAction\",\"target\":[\"https:\\\/\\\/knotty.flowers\\\/donate\\\/\"]}]},{\"@type\":\"BreadcrumbList\",\"@id\":\"https:\\\/\\\/knotty.flowers\\\/donate\\\/#breadcrumb\",\"itemListElement\":[{\"@type\":\"ListItem\",\"position\":1,\"name\":\"Home\",\"item\":\"https:\\\/\\\/knotty.flowers\\\/\"},{\"@type\":\"ListItem\",\"position\":2,\"name\":\"Donate\"}]},{\"@type\":\"WebSite\",\"@id\":\"https:\\\/\\\/knotty.flowers\\\/#website\",\"url\":\"https:\\\/\\\/knotty.flowers\\\/\",\"name\":\"Knotty Flowers LLC\",\"description\":\"Custom Creations Made With Amor\",\"publisher\":{\"@id\":\"https:\\\/\\\/knotty.flowers\\\/#organization\"},\"potentialAction\":[{\"@type\":\"SearchAction\",\"target\":{\"@type\":\"EntryPoint\",\"urlTemplate\":\"https:\\\/\\\/knotty.flowers\\\/?s={search_term_string}\"},\"query-input\":{\"@type\":\"PropertyValueSpecification\",\"valueRequired\":true,\"valueName\":\"search_term_string\"}}],\"inLanguage\":\"es\"},{\"@type\":\"Organization\",\"@id\":\"https:\\\/\\\/knotty.flowers\\\/#organization\",\"name\":\"Knotty Flowers LLC\",\"url\":\"https:\\\/\\\/knotty.flowers\\\/\",\"logo\":{\"@type\":\"ImageObject\",\"inLanguage\":\"es\",\"@id\":\"https:\\\/\\\/knotty.flowers\\\/#\\\/schema\\\/logo\\\/image\\\/\",\"url\":\"https:\\\/\\\/knotty.flowers\\\/wp-content\\\/uploads\\\/2022\\\/01\\\/Knotty-Flowersvariations-01.png\",\"contentUrl\":\"https:\\\/\\\/knotty.flowers\\\/wp-content\\\/uploads\\\/2022\\\/01\\\/Knotty-Flowersvariations-01.png\",\"width\":3901,\"height\":1414,\"caption\":\"Knotty Flowers LLC\"},\"image\":{\"@id\":\"https:\\\/\\\/knotty.flowers\\\/#\\\/schema\\\/logo\\\/image\\\/\"},\"sameAs\":[\"https:\\\/\\\/www.facebook.com\\\/KnottyFlowers\",\"https:\\\/\\\/www.instagram.com\\\/knotty_flowers\"]}]}<\/script>\n<!-- \/ Yoast SEO plugin. -->","yoast_head_json":{"title":"Donate - Knotty Flowers LLC","robots":{"index":"index","follow":"follow","max-snippet":"max-snippet:-1","max-image-preview":"max-image-preview:large","max-video-preview":"max-video-preview:-1"},"canonical":"https:\/\/knotty.flowers\/es\/donate\/","og_locale":"es_MX","og_type":"article","og_title":"Donate - Knotty Flowers LLC","og_description":"Supporting this small business helps to buy yarn, supplies, and the occasional coffee \ud83d\ude09 I also enjoy making stuffed animals for charity and would love for you to help me share the joy of handcrafted items around my community.","og_url":"https:\/\/knotty.flowers\/es\/donate\/","og_site_name":"Knotty Flowers LLC","article_publisher":"https:\/\/www.facebook.com\/KnottyFlowers","article_modified_time":"2022-12-20T23:46:01+00:00","twitter_card":"summary_large_image","twitter_misc":{"Tiempo de lectura":"1 minuto"},"schema":{"@context":"https:\/\/schema.org","@graph":[{"@type":"WebPage","@id":"https:\/\/knotty.flowers\/donate\/","url":"https:\/\/knotty.flowers\/donate\/","name":"Donate - Knotty Flowers LLC","isPartOf":{"@id":"https:\/\/knotty.flowers\/#website"},"datePublished":"2022-01-29T00:18:14+00:00","dateModified":"2022-12-20T23:46:01+00:00","breadcrumb":{"@id":"https:\/\/knotty.flowers\/donate\/#breadcrumb"},"inLanguage":"es","potentialAction":[{"@type":"ReadAction","target":["https:\/\/knotty.flowers\/donate\/"]}]},{"@type":"BreadcrumbList","@id":"https:\/\/knotty.flowers\/donate\/#breadcrumb","itemListElement":[{"@type":"ListItem","position":1,"name":"Home","item":"https:\/\/knotty.flowers\/"},{"@type":"ListItem","position":2,"name":"Donate"}]},{"@type":"WebSite","@id":"https:\/\/knotty.flowers\/#website","url":"https:\/\/knotty.flowers\/","name":"Knotty Flowers LLC","description":"Custom Creations Made With Amor","publisher":{"@id":"https:\/\/knotty.flowers\/#organization"},"potentialAction":[{"@type":"SearchAction","target":{"@type":"EntryPoint","urlTemplate":"https:\/\/knotty.flowers\/?s={search_term_string}"},"query-input":{"@type":"PropertyValueSpecification","valueRequired":true,"valueName":"search_term_string"}}],"inLanguage":"es"},{"@type":"Organization","@id":"https:\/\/knotty.flowers\/#organization","name":"Knotty Flowers LLC","url":"https:\/\/knotty.flowers\/","logo":{"@type":"ImageObject","inLanguage":"es","@id":"https:\/\/knotty.flowers\/#\/schema\/logo\/image\/","url":"https:\/\/knotty.flowers\/wp-content\/uploads\/2022\/01\/Knotty-Flowersvariations-01.png","contentUrl":"https:\/\/knotty.flowers\/wp-content\/uploads\/2022\/01\/Knotty-Flowersvariations-01.png","width":3901,"height":1414,"caption":"Knotty Flowers LLC"},"image":{"@id":"https:\/\/knotty.flowers\/#\/schema\/logo\/image\/"},"sameAs":["https:\/\/www.facebook.com\/KnottyFlowers","https:\/\/www.instagram.com\/knotty_flowers"]}]}},"jetpack_sharing_enabled":true,"_links":{"self":[{"href":"https:\/\/knotty.flowers\/es\/wp-json\/wp\/v2\/pages\/622","targetHints":{"allow":["GET"]}}],"collection":[{"href":"https:\/\/knotty.flowers\/es\/wp-json\/wp\/v2\/pages"}],"about":[{"href":"https:\/\/knotty.flowers\/es\/wp-json\/wp\/v2\/types\/page"}],"author":[{"embeddable":true,"href":"https:\/\/knotty.flowers\/es\/wp-json\/wp\/v2\/users\/1"}],"replies":[{"embeddable":true,"href":"https:\/\/knotty.flowers\/es\/wp-json\/wp\/v2\/comments?post=622"}],"version-history":[{"count":29,"href":"https:\/\/knotty.flowers\/es\/wp-json\/wp\/v2\/pages\/622\/revisions"}],"predecessor-version":[{"id":4055,"href":"https:\/\/knotty.flowers\/es\/wp-json\/wp\/v2\/pages\/622\/revisions\/4055"}],"wp:attachment":[{"href":"https:\/\/knotty.flowers\/es\/wp-json\/wp\/v2\/media?parent=622"}],"curies":[{"name":"wp","href":"https:\/\/api.w.org\/{rel}","templated":true}]}}